{"id":40,"date":"2017-08-21T07:50:52","date_gmt":"2017-08-21T07:50:52","guid":{"rendered":"http:\/\/pisces.la-studioweb.com\/?page_id=40"},"modified":"2023-12-04T11:49:49","modified_gmt":"2023-12-04T14:49:49","slug":"demo-01","status":"publish","type":"page","link":"https:\/\/forensispsicojuridica.com\/","title":{"rendered":"Home"},"content":{"rendered":"<section class=\"wpb-content-wrapper\"><p>[vc_row][vc_column][rev_slider_vc alias=&#8221;slider-1&#8243; el_class=&#8221;margin-bottom-0&#8243;][\/vc_column][\/vc_row][vc_row full_width=&#8221;stretch_row_content_no_spaces&#8221; el_class=&#8221;la_row_gap_80&#8243; css=&#8221;.vc_custom_1700183895081{background-color: #536d6f !important;}&#8221;][vc_column width=&#8221;1\/4&#8243;][\/vc_column][vc_column width=&#8221;1\/2&#8243;][la_divider height=&#8221;lg:30px;md:20px;&#8221;][vc_column_text]<\/p>\n<p style=\"font-weight: 400; text-align: center;\"><span style=\"color: #ede5de; font-size: 14pt;\">Somos un equipo de <strong>profesionales de la Salud Mental<\/strong> que nos dedicamos al <strong>asesoramiento integral en el campo de la Psicolog\u00eda Jur\u00eddica y Forense<\/strong>, en sus diversos \u00e1mbitos.<\/span><\/p>\n<p>[\/vc_column_text][la_divider height=&#8221;lg:20px;md:50px;&#8221;][la_btn title=&#8221;Conocer m\u00e1s&#8221; style=&#8221;outline&#8221; shape=&#8221;round&#8221; color=&#8221;white&#8221; align=&#8221;center&#8221; link=&#8221;url:https%3A%2F%2Fforensispsicojuridica.com%2Fquienessomos%2F|title:Quienes%20somos&#8221;][la_divider height=&#8221;lg:30px;md:50px;&#8221;][\/vc_column][vc_column width=&#8221;1\/4&#8243;][\/vc_column][\/vc_row][vc_row content_placement=&#8221;middle&#8221;][vc_column width=&#8221;1\/2&#8243;][la_divider height=&#8221;lg:80px;xs:40px;&#8221;][la_animation_block css_animation=&#8221;fadeIn&#8221; animation_duration=&#8221;1&#8243; animation_delay=&#8221;0&#8243; animation_iteration_count=&#8221;1&#8243;][vc_single_image image=&#8221;2034&#8243; img_size=&#8221;full&#8221; alignment=&#8221;center&#8221;][\/la_animation_block][la_divider height=&#8221;lg:80px;xs:40px;&#8221;][\/vc_column][vc_column width=&#8221;1\/2&#8243;][la_divider height=&#8221;lg:50px;xs:30px;&#8221;][vc_custom_heading text=&#8221;COORDINADORA&#8221; use_theme_fonts=&#8221;yes&#8221; css=&#8221;.vc_custom_1701701387662{margin-bottom: 25px !important;}&#8221;][vc_custom_heading text=&#8221;Mgter. Mar\u00eda Florencia De Gaetano&#8221; font_container=&#8221;tag:h3|text_align:left&#8221; use_theme_fonts=&#8221;yes&#8221; css=&#8221;.vc_custom_1700184326576{margin-bottom: 25px !important;}&#8221;][la_divider height=&#8221;lg:20px;&#8221;][la_btn title=&#8221;M\u00e1s info&#8221; style=&#8221;outline&#8221; shape=&#8221;round&#8221; color=&#8221;primary&#8221; align=&#8221;left&#8221; link=&#8221;url:https%3A%2F%2Fforensispsicojuridica.com%2Fcoordinadora%2F|title:Coordinadora&#8221;][la_divider height=&#8221;lg:70px;&#8221;][\/vc_column][\/vc_row][vc_row full_width=&#8221;stretch_row&#8221; css=&#8221;.vc_custom_1503542348924{margin-top: 35px !important;padding-top: 90px !important;padding-bottom: 70px !important;}&#8221;][vc_column]<div class='la_parallax_row js-el' data-bg-align='' data-direction='up' data-opacity='100' data-velocity='-0.3' data-mobile-enabled='parallax-enable-mobile' data-bg-height='415' data-bg-width='996' data-bg-image='https:\/\/forensispsicojuridica.com\/wp-content\/uploads\/2023\/11\/fondo-slider.png' data-bg-repeat='false' data-id='' data-la_component='ParallaxRow' style='display: none'><\/div>[la_divider height=&#8221;lg:70px;&#8221;][la_heading title=&#8221;SERVICIOS PROFESIONALES&#8221; title_color=&#8221;#ffffff&#8221; subtitle_fz=&#8221;lg:14px;&#8221; subtitle_color=&#8221;#ffffff&#8221; css=&#8221;.vc_custom_1700184905026{margin-bottom: 35px !important;}&#8221; title_class=&#8221;h1&#8243;]\n<p style=\"text-align: center;\"><strong>Pericias psicol\u00f3gicas<\/strong><\/p>\n<p style=\"text-align: center;\"><strong>Consultor\u00eda t\u00e9cnico-forense<\/strong><\/p>\n<p style=\"text-align: center;\"><strong>Psicodiagn\u00f3sticos judiciales<\/strong><\/p>\n<p style=\"text-align: center;\"><strong>Abordaje psicoterap\u00e9utico en el marco de medidas judiciales<\/strong><\/p>\n<p style=\"text-align: center;\"><strong>Supervisi\u00f3n forense<\/strong><\/p>\n<p style=\"text-align: center;\"><strong>Psiquiatr\u00eda forense<\/strong><\/p>\n<p>[\/la_heading][la_divider height=&#8221;lg:30px;&#8221;][la_btn title=&#8221;Conocer m\u00e1s&#8221; style=&#8221;outline&#8221; shape=&#8221;round&#8221; color=&#8221;white&#8221; align=&#8221;center&#8221; link=&#8221;url:https%3A%2F%2Fforensispsicojuridica.com%2Fservicios%2F|title:Servicios%20profesionales&#8221;][la_divider height=&#8221;lg:70px;&#8221;][\/vc_column][\/vc_row]<\/p>\n<\/section>","protected":false},"excerpt":{"rendered":"<p>[vc_row][vc_column][rev_slider_vc alias=&#8221;slider-1&#8243; el_class=&#8221;margin-bottom-0&#8243;][\/vc_column][\/vc_row][vc_row full_width=&#8221;stretch_row_content_no_spaces&#8221; el_class=&#8221;la_row_gap_80&#8243; css=&#8221;.vc_custom_1700183895081{background-color: #536d6f !important;}&#8221;][vc_column width=&#8221;1\/4&#8243;][\/vc_column][vc_column width=&#8221;1\/2&#8243;][la_divider height=&#8221;lg:30px;md:20px;&#8221;][vc_column_text] Somos un equipo de profesionales de la Salud Mental que nos dedicamos al asesoramiento integral en el campo de la Psicolog\u00eda Jur\u00eddica y Forense, en sus diversos \u00e1mbitos. [\/vc_column_text][la_divider height=&#8221;lg:20px;md:50px;&#8221;][la_btn title=&#8221;Conocer m\u00e1s&#8221; style=&#8221;outline&#8221; shape=&#8221;round&#8221; color=&#8221;white&#8221; align=&#8221;center&#8221; link=&#8221;url:https%3A%2F%2Fforensispsicojuridica.com%2Fquienessomos%2F|title:Quienes%20somos&#8221;][la_divider height=&#8221;lg:30px;md:50px;&#8221;][\/vc_column][vc_column width=&#8221;1\/4&#8243;][\/vc_column][\/vc_row][vc_row content_placement=&#8221;middle&#8221;][vc_column width=&#8221;1\/2&#8243;][la_divider height=&#8221;lg:80px;xs:40px;&#8221;][la_animation_block css_animation=&#8221;fadeIn&#8221; animation_duration=&#8221;1&#8243; animation_delay=&#8221;0&#8243; animation_iteration_count=&#8221;1&#8243;][vc_single_image image=&#8221;2034&#8243; img_size=&#8221;full&#8221; alignment=&#8221;center&#8221;][\/la_animation_block][la_divider&hellip;<\/p>\n","protected":false},"author":1,"featured_media":0,"parent":0,"menu_order":0,"comment_status":"closed","ping_status":"closed","template":"","meta":{"_joinchat":[],"footnotes":""},"class_list":["post-40","page","type-page","status-publish","hentry"],"_links":{"self":[{"href":"https:\/\/forensispsicojuridica.com\/index.php\/wp-json\/wp\/v2\/pages\/40","targetHints":{"allow":["GET"]}}],"collection":[{"href":"https:\/\/forensispsicojuridica.com\/index.php\/wp-json\/wp\/v2\/pages"}],"about":[{"href":"https:\/\/forensispsicojuridica.com\/index.php\/wp-json\/wp\/v2\/types\/page"}],"author":[{"embeddable":true,"href":"https:\/\/forensispsicojuridica.com\/index.php\/wp-json\/wp\/v2\/users\/1"}],"replies":[{"embeddable":true,"href":"https:\/\/forensispsicojuridica.com\/index.php\/wp-json\/wp\/v2\/comments?post=40"}],"version-history":[{"count":17,"href":"https:\/\/forensispsicojuridica.com\/index.php\/wp-json\/wp\/v2\/pages\/40\/revisions"}],"predecessor-version":[{"id":2130,"href":"https:\/\/forensispsicojuridica.com\/index.php\/wp-json\/wp\/v2\/pages\/40\/revisions\/2130"}],"wp:attachment":[{"href":"https:\/\/forensispsicojuridica.com\/index.php\/wp-json\/wp\/v2\/media?parent=40"}],"curies":[{"name":"wp","href":"https:\/\/api.w.org\/{rel}","templated":true}]}}